{"id":25,"date":"2025-03-30T16:40:34","date_gmt":"2025-03-30T14:40:34","guid":{"rendered":"https:\/\/www.sanktgoran.nu\/?page_id=25"},"modified":"2025-03-30T17:13:00","modified_gmt":"2025-03-30T15:13:00","slug":"hem","status":"publish","type":"page","link":"https:\/\/www.sanktgoran.nu\/","title":{"rendered":"Hem"},"content":{"rendered":"\n<p><strong>F\u00f6rsamlingen bildades \u00e5r 1956.<br>Nuvarande kyrka, f d metodistkyrka, invigdes av biskop Anders \u00e5r 2008.<\/strong><\/p>\n\n\n\n<p><\/p>\n","protected":false},"excerpt":{"rendered":"<p>F\u00f6rsamlingen bildades \u00e5r 1956.Nuvarande kyrka, f d metodistkyrka, invigdes av biskop Anders \u00e5r 2008.<\/p>\n","protected":false},"author":1,"featured_media":0,"parent":0,"menu_order":0,"comment_status":"closed","ping_status":"closed","template":"","meta":{"footnotes":""},"class_list":["post-25","page","type-page","status-publish","hentry"],"_links":{"self":[{"href":"https:\/\/www.sanktgoran.nu\/index.php\/wp-json\/wp\/v2\/pages\/25","targetHints":{"allow":["GET"]}}],"collection":[{"href":"https:\/\/www.sanktgoran.nu\/index.php\/wp-json\/wp\/v2\/pages"}],"about":[{"href":"https:\/\/www.sanktgoran.nu\/index.php\/wp-json\/wp\/v2\/types\/page"}],"author":[{"embeddable":true,"href":"https:\/\/www.sanktgoran.nu\/index.php\/wp-json\/wp\/v2\/users\/1"}],"replies":[{"embeddable":true,"href":"https:\/\/www.sanktgoran.nu\/index.php\/wp-json\/wp\/v2\/comments?post=25"}],"version-history":[{"count":3,"href":"https:\/\/www.sanktgoran.nu\/index.php\/wp-json\/wp\/v2\/pages\/25\/revisions"}],"predecessor-version":[{"id":45,"href":"https:\/\/www.sanktgoran.nu\/index.php\/wp-json\/wp\/v2\/pages\/25\/revisions\/45"}],"wp:attachment":[{"href":"https:\/\/www.sanktgoran.nu\/index.php\/wp-json\/wp\/v2\/media?parent=25"}],"curies":[{"name":"wp","href":"https:\/\/api.w.org\/{rel}","templated":true}]}}